{"id":2212,"date":"2024-10-22T19:32:42","date_gmt":"2024-10-22T19:32:42","guid":{"rendered":"https:\/\/barberiamexico.com\/?post_type=product&#038;p=2212"},"modified":"2024-10-22T21:12:55","modified_gmt":"2024-10-22T21:12:55","slug":"minoxidil","status":"publish","type":"product","link":"https:\/\/barberiamexico.com\/en\/product\/minoxidil\/","title":{"rendered":"Minoxidil"},"content":{"rendered":"<p><strong>C\u00f3mo funciona:<\/strong><\/p>\n<p>El minoxidil mejora el flujo sangu\u00edneo hacia los fol\u00edculos pilosos, lo que puede alargar la fase de crecimiento del cabello y revitalizar los fol\u00edculos que estaban inactivos o debilitados. Esto favorece el crecimiento de vellos nuevos y m\u00e1s fuertes.<\/p>\n<ul>\n<li><strong>Aplicaci\u00f3n:<\/strong> Usa el minoxidil en la piel limpia y seca, aplic\u00e1ndolo de manera uniforme en las \u00e1reas donde deseas estimular el crecimiento de la barba.<\/li>\n<li><strong>Frecuencia:<\/strong> Se recomienda aplicar dos veces al d\u00eda, pero sigue las indicaciones del producto que est\u00e9s usando.<\/li>\n<li><strong>Constancia:<\/strong> Los resultados no son inmediatos. La mayor\u00eda de los usuarios comienza a notar la aparici\u00f3n de vellos delgados a partir del primer mes de uso, y con el tiempo, estos vellos se van engrosando. Los mejores resultados suelen alcanzarse entre los 6 y 12 meses de uso continuo.<\/li>\n<li>Para tener una barba m\u00e1s completa y definida, la clave con el minoxidil es la <strong>constancia y paciencia<\/strong>. Su uso regular puede transformar significativamente la densidad y el aspecto de tu barba.<\/li>\n<\/ul>\n<p><strong>Modo de uso:<\/strong><\/p>\n<ol>\n<li>Lava tu rostro: Limpia bien la piel con agua y jab\u00f3n.<\/li>\n<li>Enjuaga y seca:\u00a0 Aseg\u00farate de enjuagar completamente y secar tu rostro antes de continuar.<\/li>\n<li>Aplica el t\u00f3nico: Coloca 10 gotas del t\u00f3nico en la palma de tu mano.<\/li>\n<li>Distribuye el producto: Con las yemas de los dedos, esparce el t\u00f3nico uniformemente sobre la zona de la barba, realizando suaves masajes circulares.<\/li>\n<li>Deja actuar: Permite que el t\u00f3nico se absorba durante al menos 4 horas.<\/li>\n<\/ol>\n<p>Se recomienda aplicar el minoxidil en la noche para favorecer el crecimiento del pelo durante la fase del sue\u00f1o.<\/p>\n<p><strong>Precauciones y posibles efectos secundarios<\/strong><\/p>\n<p>Al usar productos que contienen Minoxidil, podr\u00edas experimentar algunos efectos secundarios leves, especialmente durante los primeros d\u00edas de aplicaci\u00f3n. Estos incluyen:<\/p>\n<ul>\n<li>Resequedad<\/li>\n<li>Irritaci\u00f3n<\/li>\n<li>Enrojecimiento.<\/li>\n<\/ul>\n<p>En la mayor\u00eda de los casos, estos efectos no se presentan, y si lo hacen, suelen desaparecer en las primeras semanas de uso.<\/p>\n<p><strong>Recomendaciones para minimizar molestias:<\/strong><\/p>\n<p>Si notas alguna incomodidad, te recomendamos iniciar el tratamiento de manera gradual, para permitir que tu piel se acostumbre al producto:<br \/>\n1. Primera semana: Aplica el producto cada 2 d\u00edas.<br \/>\n2. Segunda semana: Aumenta a 1 vez por d\u00eda.<br \/>\n3. Tercera semana y en adelante: Aplica 2 veces por d\u00eda, seg\u00fan las instrucciones del producto.<\/p>\n<p><strong>Advertencias adicionales:<\/strong><br \/>\n&#8211; No se recomienda el uso de este producto en pieles extremadamente sensibles o que presenten alg\u00fan problema dermatol\u00f3gico.<br \/>\n&#8211; Si tienes dudas sobre c\u00f3mo tu piel podr\u00eda reaccionar, consulta a un dermat\u00f3logo antes de empezar el tratamiento.<\/p>\n<p>Siguiendo estas pautas, disfrutar\u00e1s de los mejores resultados minimizando posibles incomodidades.<\/p>","protected":false},"excerpt":{"rendered":"<p>T\u00f3nico de Minoxidil al 13% de concentraci\u00f3n para promover el crecimiento de barba y cabello.<\/p>","protected":false},"featured_media":2271,"template":"","meta":{"_eb_attr":"","_joinchat":[]},"product_brand":[],"product_cat":[36],"product_tag":[38],"class_list":{"0":"post-2212","1":"product","2":"type-product","3":"status-publish","4":"has-post-thumbnail","6":"product_cat-productos","7":"product_tag-minoxidil-tonico-facial","9":"first","10":"instock","11":"taxable","12":"shipping-taxable","13":"purchasable","14":"product-type-simple"},"yoast_head":"<!-- This site is optimized with the Yoast SEO plugin v27.6 - https:\/\/yoast.com\/product\/yoast-seo-wordpress\/ -->\n<title>Minoxidil - Reforma Barber Shop<\/title>\n<meta name=\"description\" content=\"Minoxidil al 13% para lograr una barba m\u00e1s tupida, rellenar espacios y estimular el crecimiento, Incluso si no te crece barba naturalmente.\" \/>\n<meta name=\"robots\" content=\"index, follow, max-snippet:-1, max-image-preview:large, max-video-preview:-1\" \/>\n<link rel=\"canonical\" href=\"https:\/\/barberiamexico.com\/en\/product\/minoxidil\/\" \/>\n<meta property=\"og:locale\" content=\"en_US\" \/>\n<meta property=\"og:type\" content=\"article\" \/>\n<meta property=\"og:title\" content=\"Minoxidil - Reforma Barber Shop\" \/>\n<meta property=\"og:description\" content=\"Minoxidil al 13% para lograr una barba m\u00e1s tupida, rellenar espacios y estimular el crecimiento, Incluso si no te crece barba naturalmente.\" \/>\n<meta property=\"og:url\" content=\"https:\/\/barberiamexico.com\/en\/product\/minoxidil\/\" \/>\n<meta property=\"og:site_name\" content=\"Reforma Barber Shop\" \/>\n<meta property=\"article:modified_time\" content=\"2024-10-22T21:12:55+00:00\" \/>\n<meta property=\"og:image\" content=\"https:\/\/barberiamexico.com\/wp-content\/uploads\/2024\/10\/new-2.png\" \/>\n\t<meta property=\"og:image:width\" content=\"689\" \/>\n\t<meta property=\"og:image:height\" content=\"674\" \/>\n\t<meta property=\"og:image:type\" content=\"image\/png\" \/>\n<meta name=\"twitter:card\" content=\"summary_large_image\" \/>\n<meta name=\"twitter:label1\" content=\"Est. reading time\" \/>\n\t<meta name=\"twitter:data1\" content=\"3 minutes\" \/>\n<script type=\"application\/ld+json\" class=\"yoast-schema-graph\">{\"@context\":\"https:\\\/\\\/schema.org\",\"@graph\":[{\"@type\":\"WebPage\",\"@id\":\"https:\\\/\\\/barberiamexico.com\\\/product\\\/minoxidil\\\/\",\"url\":\"https:\\\/\\\/barberiamexico.com\\\/product\\\/minoxidil\\\/\",\"name\":\"Minoxidil - Reforma Barber Shop\",\"isPartOf\":{\"@id\":\"https:\\\/\\\/barberiamexico.com\\\/en\\\/#website\"},\"primaryImageOfPage\":{\"@id\":\"https:\\\/\\\/barberiamexico.com\\\/product\\\/minoxidil\\\/#primaryimage\"},\"image\":{\"@id\":\"https:\\\/\\\/barberiamexico.com\\\/product\\\/minoxidil\\\/#primaryimage\"},\"thumbnailUrl\":\"https:\\\/\\\/barberiamexico.com\\\/wp-content\\\/uploads\\\/2024\\\/10\\\/new-2.webp\",\"datePublished\":\"2024-10-22T19:32:42+00:00\",\"dateModified\":\"2024-10-22T21:12:55+00:00\",\"description\":\"Minoxidil al 13% para lograr una barba m\u00e1s tupida, rellenar espacios y estimular el crecimiento, Incluso si no te crece barba naturalmente.\",\"breadcrumb\":{\"@id\":\"https:\\\/\\\/barberiamexico.com\\\/product\\\/minoxidil\\\/#breadcrumb\"},\"inLanguage\":\"en-US\",\"potentialAction\":[{\"@type\":\"ReadAction\",\"target\":[\"https:\\\/\\\/barberiamexico.com\\\/product\\\/minoxidil\\\/\"]}]},{\"@type\":\"ImageObject\",\"inLanguage\":\"en-US\",\"@id\":\"https:\\\/\\\/barberiamexico.com\\\/product\\\/minoxidil\\\/#primaryimage\",\"url\":\"https:\\\/\\\/barberiamexico.com\\\/wp-content\\\/uploads\\\/2024\\\/10\\\/new-2.webp\",\"contentUrl\":\"https:\\\/\\\/barberiamexico.com\\\/wp-content\\\/uploads\\\/2024\\\/10\\\/new-2.webp\",\"width\":689,\"height\":674},{\"@type\":\"BreadcrumbList\",\"@id\":\"https:\\\/\\\/barberiamexico.com\\\/product\\\/minoxidil\\\/#breadcrumb\",\"itemListElement\":[{\"@type\":\"ListItem\",\"position\":1,\"name\":\"Inicio\",\"item\":\"https:\\\/\\\/barberiamexico.com\\\/\"},{\"@type\":\"ListItem\",\"position\":2,\"name\":\"tienda\",\"item\":\"https:\\\/\\\/barberiamexico.com\\\/tienda-old\\\/\"},{\"@type\":\"ListItem\",\"position\":3,\"name\":\"Minoxidil\"}]},{\"@type\":\"WebSite\",\"@id\":\"https:\\\/\\\/barberiamexico.com\\\/en\\\/#website\",\"url\":\"https:\\\/\\\/barberiamexico.com\\\/en\\\/\",\"name\":\"Reforma Barber Shop\",\"description\":\"Peluquer\u00eda masculina en ciudad de Mexico\",\"publisher\":{\"@id\":\"https:\\\/\\\/barberiamexico.com\\\/en\\\/#organization\"},\"potentialAction\":[{\"@type\":\"SearchAction\",\"target\":{\"@type\":\"EntryPoint\",\"urlTemplate\":\"https:\\\/\\\/barberiamexico.com\\\/en\\\/?s={search_term_string}\"},\"query-input\":{\"@type\":\"PropertyValueSpecification\",\"valueRequired\":true,\"valueName\":\"search_term_string\"}}],\"inLanguage\":\"en-US\"},{\"@type\":\"Organization\",\"@id\":\"https:\\\/\\\/barberiamexico.com\\\/en\\\/#organization\",\"name\":\"Reforma Barber Shop\",\"url\":\"https:\\\/\\\/barberiamexico.com\\\/en\\\/\",\"logo\":{\"@type\":\"ImageObject\",\"inLanguage\":\"en-US\",\"@id\":\"https:\\\/\\\/barberiamexico.com\\\/en\\\/#\\\/schema\\\/logo\\\/image\\\/\",\"url\":\"https:\\\/\\\/barberiamexico.com\\\/wp-content\\\/uploads\\\/2024\\\/10\\\/logo-PNG.png\",\"contentUrl\":\"https:\\\/\\\/barberiamexico.com\\\/wp-content\\\/uploads\\\/2024\\\/10\\\/logo-PNG.png\",\"width\":3502,\"height\":3502,\"caption\":\"Reforma Barber Shop\"},\"image\":{\"@id\":\"https:\\\/\\\/barberiamexico.com\\\/en\\\/#\\\/schema\\\/logo\\\/image\\\/\"}}]}<\/script>\n<!-- \/ Yoast SEO plugin. -->","yoast_head_json":{"title":"Minoxidil - Reforma Barber Shop","description":"Minoxidil al 13% para lograr una barba m\u00e1s tupida, rellenar espacios y estimular el crecimiento, Incluso si no te crece barba naturalmente.","robots":{"index":"index","follow":"follow","max-snippet":"max-snippet:-1","max-image-preview":"max-image-preview:large","max-video-preview":"max-video-preview:-1"},"canonical":"https:\/\/barberiamexico.com\/en\/product\/minoxidil\/","og_locale":"en_US","og_type":"article","og_title":"Minoxidil - Reforma Barber Shop","og_description":"Minoxidil al 13% para lograr una barba m\u00e1s tupida, rellenar espacios y estimular el crecimiento, Incluso si no te crece barba naturalmente.","og_url":"https:\/\/barberiamexico.com\/en\/product\/minoxidil\/","og_site_name":"Reforma Barber Shop","article_modified_time":"2024-10-22T21:12:55+00:00","og_image":[{"width":689,"height":674,"url":"https:\/\/barberiamexico.com\/wp-content\/uploads\/2024\/10\/new-2.png","type":"image\/png"}],"twitter_card":"summary_large_image","twitter_misc":{"Est. reading time":"3 minutes"},"schema":{"@context":"https:\/\/schema.org","@graph":[{"@type":"WebPage","@id":"https:\/\/barberiamexico.com\/product\/minoxidil\/","url":"https:\/\/barberiamexico.com\/product\/minoxidil\/","name":"Minoxidil - Reforma Barber Shop","isPartOf":{"@id":"https:\/\/barberiamexico.com\/en\/#website"},"primaryImageOfPage":{"@id":"https:\/\/barberiamexico.com\/product\/minoxidil\/#primaryimage"},"image":{"@id":"https:\/\/barberiamexico.com\/product\/minoxidil\/#primaryimage"},"thumbnailUrl":"https:\/\/barberiamexico.com\/wp-content\/uploads\/2024\/10\/new-2.webp","datePublished":"2024-10-22T19:32:42+00:00","dateModified":"2024-10-22T21:12:55+00:00","description":"Minoxidil al 13% para lograr una barba m\u00e1s tupida, rellenar espacios y estimular el crecimiento, Incluso si no te crece barba naturalmente.","breadcrumb":{"@id":"https:\/\/barberiamexico.com\/product\/minoxidil\/#breadcrumb"},"inLanguage":"en-US","potentialAction":[{"@type":"ReadAction","target":["https:\/\/barberiamexico.com\/product\/minoxidil\/"]}]},{"@type":"ImageObject","inLanguage":"en-US","@id":"https:\/\/barberiamexico.com\/product\/minoxidil\/#primaryimage","url":"https:\/\/barberiamexico.com\/wp-content\/uploads\/2024\/10\/new-2.webp","contentUrl":"https:\/\/barberiamexico.com\/wp-content\/uploads\/2024\/10\/new-2.webp","width":689,"height":674},{"@type":"BreadcrumbList","@id":"https:\/\/barberiamexico.com\/product\/minoxidil\/#breadcrumb","itemListElement":[{"@type":"ListItem","position":1,"name":"Inicio","item":"https:\/\/barberiamexico.com\/"},{"@type":"ListItem","position":2,"name":"tienda","item":"https:\/\/barberiamexico.com\/tienda-old\/"},{"@type":"ListItem","position":3,"name":"Minoxidil"}]},{"@type":"WebSite","@id":"https:\/\/barberiamexico.com\/en\/#website","url":"https:\/\/barberiamexico.com\/en\/","name":"Reforma Barber Shop","description":"Peluquer\u00eda masculina en ciudad de Mexico","publisher":{"@id":"https:\/\/barberiamexico.com\/en\/#organization"},"potentialAction":[{"@type":"SearchAction","target":{"@type":"EntryPoint","urlTemplate":"https:\/\/barberiamexico.com\/en\/?s={search_term_string}"},"query-input":{"@type":"PropertyValueSpecification","valueRequired":true,"valueName":"search_term_string"}}],"inLanguage":"en-US"},{"@type":"Organization","@id":"https:\/\/barberiamexico.com\/en\/#organization","name":"Reforma Barber Shop","url":"https:\/\/barberiamexico.com\/en\/","logo":{"@type":"ImageObject","inLanguage":"en-US","@id":"https:\/\/barberiamexico.com\/en\/#\/schema\/logo\/image\/","url":"https:\/\/barberiamexico.com\/wp-content\/uploads\/2024\/10\/logo-PNG.png","contentUrl":"https:\/\/barberiamexico.com\/wp-content\/uploads\/2024\/10\/logo-PNG.png","width":3502,"height":3502,"caption":"Reforma Barber Shop"},"image":{"@id":"https:\/\/barberiamexico.com\/en\/#\/schema\/logo\/image\/"}}]}},"_links":{"self":[{"href":"https:\/\/barberiamexico.com\/en\/wp-json\/wp\/v2\/product\/2212","targetHints":{"allow":["GET"]}}],"collection":[{"href":"https:\/\/barberiamexico.com\/en\/wp-json\/wp\/v2\/product"}],"about":[{"href":"https:\/\/barberiamexico.com\/en\/wp-json\/wp\/v2\/types\/product"}],"version-history":[{"count":1,"href":"https:\/\/barberiamexico.com\/en\/wp-json\/wp\/v2\/product\/2212\/revisions"}],"predecessor-version":[{"id":2223,"href":"https:\/\/barberiamexico.com\/en\/wp-json\/wp\/v2\/product\/2212\/revisions\/2223"}],"wp:featuredmedia":[{"embeddable":true,"href":"https:\/\/barberiamexico.com\/en\/wp-json\/wp\/v2\/media\/2271"}],"wp:attachment":[{"href":"https:\/\/barberiamexico.com\/en\/wp-json\/wp\/v2\/media?parent=2212"}],"wp:term":[{"taxonomy":"product_brand","embeddable":true,"href":"https:\/\/barberiamexico.com\/en\/wp-json\/wp\/v2\/product_brand?post=2212"},{"taxonomy":"product_cat","embeddable":true,"href":"https:\/\/barberiamexico.com\/en\/wp-json\/wp\/v2\/product_cat?post=2212"},{"taxonomy":"product_tag","embeddable":true,"href":"https:\/\/barberiamexico.com\/en\/wp-json\/wp\/v2\/product_tag?post=2212"}],"curies":[{"name":"wp","href":"https:\/\/api.w.org\/{rel}","templated":true}]}}