{"id":2210,"date":"2024-10-22T19:32:41","date_gmt":"2024-10-22T19:32:41","guid":{"rendered":"https:\/\/barberiamexico.com\/?post_type=product&#038;p=2210"},"modified":"2024-10-22T19:32:56","modified_gmt":"2024-10-22T19:32:56","slug":"pomada-matte","status":"publish","type":"product","link":"https:\/\/barberiamexico.com\/en\/product\/pomada-matte\/","title":{"rendered":"Pomada Matte"},"content":{"rendered":"<p>Pomada Matte: Fijaci\u00f3n media y aroma agradable. Mant\u00e9n tu cabello en su lugar sin sentir rigidez. Sin residuos. Perfecta para un uso continuo durante todo el d\u00eda con solo un poco de agua para reactivarla.<\/p>","protected":false},"excerpt":{"rendered":"<p>Pomada Matte: Fijaci\u00f3n media y aroma agradable.<\/p>","protected":false},"featured_media":2216,"template":"","meta":{"_eb_attr":"","_joinchat":[]},"product_brand":[],"product_cat":[36],"product_tag":[],"class_list":{"0":"post-2210","1":"product","2":"type-product","3":"status-publish","4":"has-post-thumbnail","6":"product_cat-productos","8":"first","9":"instock","10":"purchasable","11":"product-type-simple"},"yoast_head":"<!-- This site is optimized with the Yoast SEO plugin v27.6 - https:\/\/yoast.com\/product\/yoast-seo-wordpress\/ -->\n<title>Pomada Matte - Reforma Barber Shop<\/title>\n<meta name=\"robots\" content=\"index, follow, max-snippet:-1, max-image-preview:large, max-video-preview:-1\" \/>\n<link rel=\"canonical\" href=\"https:\/\/barberiamexico.com\/en\/product\/pomada-matte\/\" \/>\n<meta property=\"og:locale\" content=\"en_US\" \/>\n<meta property=\"og:type\" content=\"article\" \/>\n<meta property=\"og:title\" content=\"Pomada Matte - Reforma Barber Shop\" \/>\n<meta property=\"og:description\" content=\"Pomada Matte: Fijaci\u00f3n media y aroma agradable.\" \/>\n<meta property=\"og:url\" content=\"https:\/\/barberiamexico.com\/en\/product\/pomada-matte\/\" \/>\n<meta property=\"og:site_name\" content=\"Reforma Barber Shop\" \/>\n<meta property=\"article:modified_time\" content=\"2024-10-22T19:32:56+00:00\" \/>\n<meta property=\"og:image\" content=\"https:\/\/barberiamexico.com\/wp-content\/uploads\/2024\/10\/Captura-de-pantalla-2023-12-27-223109.png\" \/>\n\t<meta property=\"og:image:width\" content=\"689\" \/>\n\t<meta property=\"og:image:height\" content=\"674\" \/>\n\t<meta property=\"og:image:type\" content=\"image\/png\" \/>\n<meta name=\"twitter:card\" content=\"summary_large_image\" \/>\n<script type=\"application\/ld+json\" class=\"yoast-schema-graph\">{\"@context\":\"https:\\\/\\\/schema.org\",\"@graph\":[{\"@type\":\"WebPage\",\"@id\":\"https:\\\/\\\/barberiamexico.com\\\/product\\\/pomada-matte\\\/\",\"url\":\"https:\\\/\\\/barberiamexico.com\\\/product\\\/pomada-matte\\\/\",\"name\":\"Pomada Matte - Reforma Barber Shop\",\"isPartOf\":{\"@id\":\"https:\\\/\\\/barberiamexico.com\\\/en\\\/#website\"},\"primaryImageOfPage\":{\"@id\":\"https:\\\/\\\/barberiamexico.com\\\/product\\\/pomada-matte\\\/#primaryimage\"},\"image\":{\"@id\":\"https:\\\/\\\/barberiamexico.com\\\/product\\\/pomada-matte\\\/#primaryimage\"},\"thumbnailUrl\":\"https:\\\/\\\/barberiamexico.com\\\/wp-content\\\/uploads\\\/2024\\\/10\\\/Captura-de-pantalla-2023-12-27-223109.webp\",\"datePublished\":\"2024-10-22T19:32:41+00:00\",\"dateModified\":\"2024-10-22T19:32:56+00:00\",\"breadcrumb\":{\"@id\":\"https:\\\/\\\/barberiamexico.com\\\/product\\\/pomada-matte\\\/#breadcrumb\"},\"inLanguage\":\"en-US\",\"potentialAction\":[{\"@type\":\"ReadAction\",\"target\":[\"https:\\\/\\\/barberiamexico.com\\\/product\\\/pomada-matte\\\/\"]}]},{\"@type\":\"ImageObject\",\"inLanguage\":\"en-US\",\"@id\":\"https:\\\/\\\/barberiamexico.com\\\/product\\\/pomada-matte\\\/#primaryimage\",\"url\":\"https:\\\/\\\/barberiamexico.com\\\/wp-content\\\/uploads\\\/2024\\\/10\\\/Captura-de-pantalla-2023-12-27-223109.webp\",\"contentUrl\":\"https:\\\/\\\/barberiamexico.com\\\/wp-content\\\/uploads\\\/2024\\\/10\\\/Captura-de-pantalla-2023-12-27-223109.webp\",\"width\":689,\"height\":674},{\"@type\":\"BreadcrumbList\",\"@id\":\"https:\\\/\\\/barberiamexico.com\\\/product\\\/pomada-matte\\\/#breadcrumb\",\"itemListElement\":[{\"@type\":\"ListItem\",\"position\":1,\"name\":\"Inicio\",\"item\":\"https:\\\/\\\/barberiamexico.com\\\/\"},{\"@type\":\"ListItem\",\"position\":2,\"name\":\"tienda\",\"item\":\"https:\\\/\\\/barberiamexico.com\\\/tienda-old\\\/\"},{\"@type\":\"ListItem\",\"position\":3,\"name\":\"Pomada Matte\"}]},{\"@type\":\"WebSite\",\"@id\":\"https:\\\/\\\/barberiamexico.com\\\/en\\\/#website\",\"url\":\"https:\\\/\\\/barberiamexico.com\\\/en\\\/\",\"name\":\"Reforma Barber Shop\",\"description\":\"Peluquer\u00eda masculina en ciudad de Mexico\",\"publisher\":{\"@id\":\"https:\\\/\\\/barberiamexico.com\\\/en\\\/#organization\"},\"potentialAction\":[{\"@type\":\"SearchAction\",\"target\":{\"@type\":\"EntryPoint\",\"urlTemplate\":\"https:\\\/\\\/barberiamexico.com\\\/en\\\/?s={search_term_string}\"},\"query-input\":{\"@type\":\"PropertyValueSpecification\",\"valueRequired\":true,\"valueName\":\"search_term_string\"}}],\"inLanguage\":\"en-US\"},{\"@type\":\"Organization\",\"@id\":\"https:\\\/\\\/barberiamexico.com\\\/en\\\/#organization\",\"name\":\"Reforma Barber Shop\",\"url\":\"https:\\\/\\\/barberiamexico.com\\\/en\\\/\",\"logo\":{\"@type\":\"ImageObject\",\"inLanguage\":\"en-US\",\"@id\":\"https:\\\/\\\/barberiamexico.com\\\/en\\\/#\\\/schema\\\/logo\\\/image\\\/\",\"url\":\"https:\\\/\\\/barberiamexico.com\\\/wp-content\\\/uploads\\\/2024\\\/10\\\/logo-PNG.png\",\"contentUrl\":\"https:\\\/\\\/barberiamexico.com\\\/wp-content\\\/uploads\\\/2024\\\/10\\\/logo-PNG.png\",\"width\":3502,\"height\":3502,\"caption\":\"Reforma Barber Shop\"},\"image\":{\"@id\":\"https:\\\/\\\/barberiamexico.com\\\/en\\\/#\\\/schema\\\/logo\\\/image\\\/\"}}]}<\/script>\n<!-- \/ Yoast SEO plugin. -->","yoast_head_json":{"title":"Pomada Matte - Reforma Barber Shop","robots":{"index":"index","follow":"follow","max-snippet":"max-snippet:-1","max-image-preview":"max-image-preview:large","max-video-preview":"max-video-preview:-1"},"canonical":"https:\/\/barberiamexico.com\/en\/product\/pomada-matte\/","og_locale":"en_US","og_type":"article","og_title":"Pomada Matte - Reforma Barber Shop","og_description":"Pomada Matte: Fijaci\u00f3n media y aroma agradable.","og_url":"https:\/\/barberiamexico.com\/en\/product\/pomada-matte\/","og_site_name":"Reforma Barber Shop","article_modified_time":"2024-10-22T19:32:56+00:00","og_image":[{"width":689,"height":674,"url":"https:\/\/barberiamexico.com\/wp-content\/uploads\/2024\/10\/Captura-de-pantalla-2023-12-27-223109.png","type":"image\/png"}],"twitter_card":"summary_large_image","schema":{"@context":"https:\/\/schema.org","@graph":[{"@type":"WebPage","@id":"https:\/\/barberiamexico.com\/product\/pomada-matte\/","url":"https:\/\/barberiamexico.com\/product\/pomada-matte\/","name":"Pomada Matte - Reforma Barber Shop","isPartOf":{"@id":"https:\/\/barberiamexico.com\/en\/#website"},"primaryImageOfPage":{"@id":"https:\/\/barberiamexico.com\/product\/pomada-matte\/#primaryimage"},"image":{"@id":"https:\/\/barberiamexico.com\/product\/pomada-matte\/#primaryimage"},"thumbnailUrl":"https:\/\/barberiamexico.com\/wp-content\/uploads\/2024\/10\/Captura-de-pantalla-2023-12-27-223109.webp","datePublished":"2024-10-22T19:32:41+00:00","dateModified":"2024-10-22T19:32:56+00:00","breadcrumb":{"@id":"https:\/\/barberiamexico.com\/product\/pomada-matte\/#breadcrumb"},"inLanguage":"en-US","potentialAction":[{"@type":"ReadAction","target":["https:\/\/barberiamexico.com\/product\/pomada-matte\/"]}]},{"@type":"ImageObject","inLanguage":"en-US","@id":"https:\/\/barberiamexico.com\/product\/pomada-matte\/#primaryimage","url":"https:\/\/barberiamexico.com\/wp-content\/uploads\/2024\/10\/Captura-de-pantalla-2023-12-27-223109.webp","contentUrl":"https:\/\/barberiamexico.com\/wp-content\/uploads\/2024\/10\/Captura-de-pantalla-2023-12-27-223109.webp","width":689,"height":674},{"@type":"BreadcrumbList","@id":"https:\/\/barberiamexico.com\/product\/pomada-matte\/#breadcrumb","itemListElement":[{"@type":"ListItem","position":1,"name":"Inicio","item":"https:\/\/barberiamexico.com\/"},{"@type":"ListItem","position":2,"name":"tienda","item":"https:\/\/barberiamexico.com\/tienda-old\/"},{"@type":"ListItem","position":3,"name":"Pomada Matte"}]},{"@type":"WebSite","@id":"https:\/\/barberiamexico.com\/en\/#website","url":"https:\/\/barberiamexico.com\/en\/","name":"Reforma Barber Shop","description":"Peluquer\u00eda masculina en ciudad de Mexico","publisher":{"@id":"https:\/\/barberiamexico.com\/en\/#organization"},"potentialAction":[{"@type":"SearchAction","target":{"@type":"EntryPoint","urlTemplate":"https:\/\/barberiamexico.com\/en\/?s={search_term_string}"},"query-input":{"@type":"PropertyValueSpecification","valueRequired":true,"valueName":"search_term_string"}}],"inLanguage":"en-US"},{"@type":"Organization","@id":"https:\/\/barberiamexico.com\/en\/#organization","name":"Reforma Barber Shop","url":"https:\/\/barberiamexico.com\/en\/","logo":{"@type":"ImageObject","inLanguage":"en-US","@id":"https:\/\/barberiamexico.com\/en\/#\/schema\/logo\/image\/","url":"https:\/\/barberiamexico.com\/wp-content\/uploads\/2024\/10\/logo-PNG.png","contentUrl":"https:\/\/barberiamexico.com\/wp-content\/uploads\/2024\/10\/logo-PNG.png","width":3502,"height":3502,"caption":"Reforma Barber Shop"},"image":{"@id":"https:\/\/barberiamexico.com\/en\/#\/schema\/logo\/image\/"}}]}},"_links":{"self":[{"href":"https:\/\/barberiamexico.com\/en\/wp-json\/wp\/v2\/product\/2210","targetHints":{"allow":["GET"]}}],"collection":[{"href":"https:\/\/barberiamexico.com\/en\/wp-json\/wp\/v2\/product"}],"about":[{"href":"https:\/\/barberiamexico.com\/en\/wp-json\/wp\/v2\/types\/product"}],"version-history":[{"count":1,"href":"https:\/\/barberiamexico.com\/en\/wp-json\/wp\/v2\/product\/2210\/revisions"}],"predecessor-version":[{"id":2217,"href":"https:\/\/barberiamexico.com\/en\/wp-json\/wp\/v2\/product\/2210\/revisions\/2217"}],"wp:featuredmedia":[{"embeddable":true,"href":"https:\/\/barberiamexico.com\/en\/wp-json\/wp\/v2\/media\/2216"}],"wp:attachment":[{"href":"https:\/\/barberiamexico.com\/en\/wp-json\/wp\/v2\/media?parent=2210"}],"wp:term":[{"taxonomy":"product_brand","embeddable":true,"href":"https:\/\/barberiamexico.com\/en\/wp-json\/wp\/v2\/product_brand?post=2210"},{"taxonomy":"product_cat","embeddable":true,"href":"https:\/\/barberiamexico.com\/en\/wp-json\/wp\/v2\/product_cat?post=2210"},{"taxonomy":"product_tag","embeddable":true,"href":"https:\/\/barberiamexico.com\/en\/wp-json\/wp\/v2\/product_tag?post=2210"}],"curies":[{"name":"wp","href":"https:\/\/api.w.org\/{rel}","templated":true}]}}