{"id":33,"date":"2023-09-05T13:47:03","date_gmt":"2023-09-05T13:47:03","guid":{"rendered":"https:\/\/demo.bravisthemes.com\/blaxcut\/?page_id=33"},"modified":"2026-02-06T04:05:37","modified_gmt":"2026-02-06T10:05:37","slug":"contacto","status":"publish","type":"page","link":"https:\/\/barberiamexico.com\/en\/contacto\/","title":{"rendered":"Contact"},"content":{"rendered":"<div data-elementor-type=\"wp-page\" data-elementor-id=\"33\" class=\"elementor elementor-33\">\n\t\t\t\t        <section class=\"elementor-section elementor-top-section elementor-element elementor-element-8235fe7 elementor-section-stretched elementor-section-full_width elementor-section-height-default elementor-section-height-default pxl-row-scroll-none pxl-full-content-with-space-none pxl-bg-color-none pxl-section-overlay-none\" data-id=\"8235fe7\" data-element_type=\"section\" data-e-type=\"section\" data-settings=\"{&quot;stretch_section&quot;:&quot;section-stretched&quot;}\">\n\n                \n                <div class=\"elementor-container elementor-column-gap-default\">\n                <div class=\"elementor-column elementor-col-33 elementor-top-column elementor-element elementor-element-d71d00b pxl-column-none\" data-id=\"d71d00b\" data-element_type=\"column\" data-e-type=\"column\">\r\n        <div class=\"elementor-widget-wrap elementor-element-populated\">\r\n                     \r\n        \t\t<div class=\"elementor-element elementor-element-d68c95a elementor-view-stacked elementor-shape-square elementor-widget__width-initial elementor-position-block-start elementor-mobile-position-block-start elementor-widget elementor-widget-icon-box\" data-id=\"d68c95a\" data-element_type=\"widget\" data-e-type=\"widget\" data-widget_type=\"icon-box.default\">\n\t\t\t\t<div class=\"elementor-widget-container\">\n\t\t\t\t\t\t\t<div class=\"elementor-icon-box-wrapper\">\n\n\t\t\t\t\t\t<div class=\"elementor-icon-box-icon\">\n\t\t\t\t<a href=\"https:\/\/maps.app.goo.gl\/1TsvUmYAjYsWNcWG7\" class=\"elementor-icon\" tabindex=\"-1\">\n\t\t\t\t<i aria-hidden=\"true\" class=\"fas fa-map-marked-alt\"><\/i>\t\t\t\t<\/a>\n\t\t\t<\/div>\n\t\t\t\n\t\t\t\t\t\t<div class=\"elementor-icon-box-content\">\n\n\t\t\t\t\n\t\t\t\t\t\t\t\t\t<p class=\"elementor-icon-box-description\">\n\t\t\t\t\t\tAv. paseo de la reforma 423 l10b. <br>Plaza Diana Cazadora.\t\t\t\t\t<\/p>\n\t\t\t\t\n\t\t\t<\/div>\n\t\t\t\n\t\t<\/div>\n\t\t\t\t\t\t<\/div>\n\t\t\t\t<\/div>\n\t\t            <\/div>\r\n        <\/div>\r\n                <div class=\"elementor-column elementor-col-33 elementor-top-column elementor-element elementor-element-614c20c pxl-column-none\" data-id=\"614c20c\" data-element_type=\"column\" data-e-type=\"column\">\r\n        <div class=\"elementor-widget-wrap elementor-element-populated\">\r\n                     \r\n        \t\t<div class=\"elementor-element elementor-element-80a1e76 elementor-widget elementor-widget-pxl_icon_box\" data-id=\"80a1e76\" data-element_type=\"widget\" data-e-type=\"widget\" data-widget_type=\"pxl_icon_box.default\">\n\t\t\t\t<div class=\"elementor-widget-container\">\n\t\t\t\t\t<div class=\"pxl-icon-box pxl-icon-box1\" data-wow-delay=\"ms\">\r\n    <div class=\"pxl-item--inner\">\r\n        <div class=\"pxl-item-wrap\">\r\n                            <div class=\"pxl-item--icon\">\r\n                    <i aria-hidden=\"true\" class=\"far fa-phone-plus\"><\/i>                <\/div>\r\n                                    <div class=\"pxl-item--holder\">\r\n                <h5 class=\"pxl-item--title el-empty\">Phone number<\/h5>\r\n                <div class=\"pxl-item--text\">\r\n                    <a  class=\"pxl-link-text\" href=\"tel:+525577402845\">\r\n                       +52 55 7740 2845                    <\/a>\r\n                <\/div>\r\n            <\/div>\r\n        <\/div>\r\n    <\/div>\r\n<\/div>\t\t\t\t<\/div>\n\t\t\t\t<\/div>\n\t\t            <\/div>\r\n        <\/div>\r\n                <div class=\"elementor-column elementor-col-33 elementor-top-column elementor-element elementor-element-6c69793 pxl-column-none\" data-id=\"6c69793\" data-element_type=\"column\" data-e-type=\"column\">\r\n        <div class=\"elementor-widget-wrap elementor-element-populated\">\r\n                     \r\n        \t\t<div class=\"elementor-element elementor-element-24a8a33 elementor-widget__width-initial elementor-widget-mobile__width-initial elementor-widget elementor-widget-pxl_icon_box\" data-id=\"24a8a33\" data-element_type=\"widget\" data-e-type=\"widget\" data-widget_type=\"pxl_icon_box.default\">\n\t\t\t\t<div class=\"elementor-widget-container\">\n\t\t\t\t\t<div class=\"pxl-icon-box pxl-icon-box1\" data-wow-delay=\"ms\">\r\n    <div class=\"pxl-item--inner\">\r\n        <div class=\"pxl-item-wrap\">\r\n                            <div class=\"pxl-item--icon\">\r\n                    <i aria-hidden=\"true\" class=\"flaticon flaticon-mail\"><\/i>                <\/div>\r\n                                    <div class=\"pxl-item--holder\">\r\n                <h5 class=\"pxl-item--title el-empty\">Email<\/h5>\r\n                <div class=\"pxl-item--text\">\r\n                    <a  class=\"pxl-link-text\" href=\"mailto:clientes@reformabarber.com.mx\">\r\n                       clientes@reformabarber.com.mx                    <\/a>\r\n                <\/div>\r\n            <\/div>\r\n        <\/div>\r\n    <\/div>\r\n<\/div>\t\t\t\t<\/div>\n\t\t\t\t<\/div>\n\t\t            <\/div>\r\n        <\/div>\r\n        \t\t\t<\/div>\n\t\t<\/section>\n\t\t        <section class=\"elementor-section elementor-top-section elementor-element elementor-element-baa4d93 elementor-section-stretched pxl-de-gradient2 elementor-section-boxed elementor-section-height-default elementor-section-height-default pxl-row-scroll-none pxl-bg-color-none pxl-section-overlay-none\" data-id=\"baa4d93\" data-element_type=\"section\" data-e-type=\"section\" data-settings=\"{&quot;stretch_section&quot;:&quot;section-stretched&quot;,&quot;background_background&quot;:&quot;classic&quot;}\">\n\n                \n                <div class=\"elementor-container elementor-column-gap-extended\">\n                <div class=\"elementor-column elementor-col-100 elementor-top-column elementor-element elementor-element-ae89688 pxl-column-none\" data-id=\"ae89688\" data-element_type=\"column\" data-e-type=\"column\">\r\n        <div class=\"elementor-widget-wrap elementor-element-populated\">\r\n                     \r\n        \t\t<div class=\"elementor-element elementor-element-0a527aa elementor-widget elementor-widget-html\" data-id=\"0a527aa\" data-element_type=\"widget\" data-e-type=\"widget\" data-widget_type=\"html.default\">\n\t\t\t\t<div class=\"elementor-widget-container\">\n\t\t\t\t\t<iframe src=\"https:\/\/www.google.com\/maps\/embed?pb=!1m14!1m8!1m3!1d3534.4379682050685!2d-99.17358923654353!3d19.424730038111377!3m2!1i1024!2i768!4f13.1!3m3!1m2!1s0x85d1ff38d93aa563%3A0xf92fb3545b555587!2sBarber%C3%ADa%20Reforma!5e1!3m2!1ses-419!2ses!4v1732620972074!5m2!1ses-419!2ses\" width=\"600\" height=\"450\" style=\"border:0;\" allowfullscreen=\"\" loading=\"lazy\" referrerpolicy=\"no-referrer-when-downgrade\"><\/iframe>\t\t\t\t<\/div>\n\t\t\t\t<\/div>\n\t\t\t\t<div class=\"elementor-element elementor-element-97bdff2 elementor-widget elementor-widget-spacer\" data-id=\"97bdff2\" data-element_type=\"widget\" data-e-type=\"widget\" data-widget_type=\"spacer.default\">\n\t\t\t\t<div class=\"elementor-widget-container\">\n\t\t\t\t\t\t\t<div class=\"elementor-spacer\">\n\t\t\t<div class=\"elementor-spacer-inner\"><\/div>\n\t\t<\/div>\n\t\t\t\t\t\t<\/div>\n\t\t\t\t<\/div>\n\t\t\t\t<div class=\"elementor-element elementor-element-8dd726f elementor-widget elementor-widget-pxl_contact_form\" data-id=\"8dd726f\" data-element_type=\"widget\" data-e-type=\"widget\" data-widget_type=\"pxl_contact_form.default\">\n\t\t\t\t<div class=\"elementor-widget-container\">\n\t\t\t\t\t    <div class=\"pxl-contact-form pxl-contact-form1 notice-style1 box-style-none btn-w-auto\" data-wow-delay=\"ms\">\r\n                \n<div class=\"wpcf7 no-js\" id=\"wpcf7-f6-o1\" lang=\"en-US\" dir=\"ltr\" data-wpcf7-id=\"6\">\n<div class=\"screen-reader-response\"><p role=\"status\" aria-live=\"polite\" aria-atomic=\"true\"><\/p> <ul><\/ul><\/div>\n<form action=\"\/en\/wp-json\/wp\/v2\/pages\/33#wpcf7-f6-o1\" method=\"post\" class=\"wpcf7-form init\" aria-label=\"Contact form\" novalidate=\"novalidate\" data-status=\"init\" data-trp-original-action=\"\/en\/wp-json\/wp\/v2\/pages\/33#wpcf7-f6-o1\">\n<fieldset class=\"hidden-fields-container\"><input type=\"hidden\" name=\"_wpcf7\" value=\"6\" \/><input type=\"hidden\" name=\"_wpcf7_version\" value=\"6.1.5\" \/><input type=\"hidden\" name=\"_wpcf7_locale\" value=\"en_US\" \/><input type=\"hidden\" name=\"_wpcf7_unit_tag\" value=\"wpcf7-f6-o1\" \/><input type=\"hidden\" name=\"_wpcf7_container_post\" value=\"0\" \/><input type=\"hidden\" name=\"_wpcf7_posted_data_hash\" value=\"\" \/><input type=\"hidden\" name=\"_wpcf7_recaptcha_response\" value=\"\" \/>\n<\/fieldset>\n<p><span class=\"wpcf7-form-control-wrap\" data-name=\"tel-324\"><input size=\"40\" maxlength=\"400\" class=\"wpcf7-form-control wpcf7-tel wpcf7-validates-as-required wpcf7-text wpcf7-validates-as-tel\" aria-required=\"true\" aria-invalid=\"false\" value=\"\" type=\"tel\" name=\"tel-324\" \/><\/span>\n<\/p>\n<div class=\"contact1\">\n\t<div class=\"row\">\n\t\t<div class=\"col-lg-6 pxl-meta\">\n\t\t\t<div class=\"pxl-contact-inner\">\n\t\t\t\t<div class=\"pxl-contact-title\">\n\t\t\t\t\t<p>Send us a message\n\t\t\t\t\t<\/p>\n\t\t\t\t<\/div>\n\t\t\t\t<p><span class=\"pxl-de-separator\"><\/span>\n\t\t\t\t<\/p>\n\t\t\t\t<div class=\"pxl-sub-title\">\n\t\t\t\t\t<p>If you have any questions, please feel free to send us a message.\n\t\t\t\t\t<\/p>\n\t\t\t\t<\/div>\n\t\t\t\t<div class=\"input-filled\">\n\t\t\t\t\t<p><span class=\"wpcf7-form-control-wrap\" data-name=\"text-707\"><input size=\"40\" maxlength=\"400\" class=\"wpcf7-form-control wpcf7-text wpcf7-validates-as-required\" aria-required=\"true\" aria-invalid=\"false\" placeholder=\"your name\" value=\"\" type=\"text\" name=\"text-707\" \/><\/span>\n\t\t\t\t\t<\/p>\n\t\t\t\t<\/div>\n\t\t\t\t<div class=\"input-filled\">\n\t\t\t\t\t<p><span class=\"wpcf7-form-control-wrap\" data-name=\"email-761\"><input size=\"40\" maxlength=\"400\" class=\"wpcf7-form-control wpcf7-email wpcf7-validates-as-required wpcf7-text wpcf7-validates-as-email\" aria-required=\"true\" aria-invalid=\"false\" placeholder=\"Your email\" value=\"\" type=\"email\" name=\"email-761\" \/><\/span>\n\t\t\t\t\t<\/p>\n\t\t\t\t<\/div>\n\t\t\t\t<div class=\"input-filled\">\n\t\t\t\t\t<p><span class=\"wpcf7-form-control-wrap\" data-name=\"tel-733\"><input size=\"40\" maxlength=\"400\" class=\"wpcf7-form-control wpcf7-tel wpcf7-validates-as-required wpcf7-text wpcf7-validates-as-tel\" aria-required=\"true\" aria-invalid=\"false\" placeholder=\"your phone\" value=\"\" type=\"tel\" name=\"tel-733\" \/><\/span>\n\t\t\t\t\t<\/p>\n\t\t\t\t<\/div>\n\t\t\t\t<div class=\"input-filled\">\n\t\t\t\t\t<p><span class=\"wpcf7-form-control-wrap\" data-name=\"textarea-648\"><textarea cols=\"40\" rows=\"10\" maxlength=\"2000\" class=\"wpcf7-form-control wpcf7-textarea wpcf7-validates-as-required\" aria-required=\"true\" aria-invalid=\"false\" placeholder=\"Message\" name=\"textarea-648\"><\/textarea><\/span>\n\t\t\t\t\t<\/p>\n\t\t\t\t<\/div>\n\t\t\t\t<div class=\"ct-button\">\n\t\t\t\t\t<p><button class=\"btn btn-primary\" type=\"submit\" data-animation=\"pxl-xspin\">Send message<\/button>\n\t\t\t\t\t<\/p>\n\t\t\t\t<\/div>\n\t\t\t<\/div>\n\t\t<\/div>\n\t<\/div>\n<\/div><div class=\"wpcf7-response-output\" aria-hidden=\"true\"><\/div>\n<input type=\"hidden\" name=\"trp-form-language\" value=\"en\"\/><\/form>\n<\/div>\n    <\/div>\r\n\t\t\t\t<\/div>\n\t\t\t\t<\/div>\n\t\t            <\/div>\r\n        <\/div>\r\n        \t\t\t<\/div>\n\t\t<\/section>\n\t\t        <section class=\"elementor-section elementor-top-section elementor-element elementor-element-01d47e5 elementor-section-stretched elementor-section-boxed elementor-section-height-default elementor-section-height-default pxl-row-scroll-none pxl-bg-color-none pxl-section-overlay-none\" data-id=\"01d47e5\" data-element_type=\"section\" data-e-type=\"section\" data-settings=\"{&quot;stretch_section&quot;:&quot;section-stretched&quot;}\">\n\n                \n                <div class=\"elementor-container elementor-column-gap-extended\">\n                <div class=\"elementor-column elementor-col-100 elementor-top-column elementor-element elementor-element-a614494 pxl-column-none\" data-id=\"a614494\" data-element_type=\"column\" data-e-type=\"column\">\r\n        <div class=\"elementor-widget-wrap elementor-element-populated\">\r\n                     \r\n        \t\t<div class=\"elementor-element elementor-element-5e0dd82 elementor-widget elementor-widget-pxl_text_editor\" data-id=\"5e0dd82\" data-element_type=\"widget\" data-e-type=\"widget\" data-widget_type=\"pxl_text_editor.default\">\n\t\t\t\t<div class=\"elementor-widget-container\">\n\t\t\t\t\t<div id=\"pxl_text_editor-5e0dd82-2691\" class=\"pxl-image-wg\" duration=\"1\">\n\t<div class=\"pxl-text-editor\">\n\t\t<div class=\"pxl-item--inner\" data-wow-delay=\"ms\">\n\t\t\t<p>s\u00edguenos<\/p>\t\t\n\t\t<\/div>\n\t<\/div>\n<\/div>\t\t\t\t<\/div>\n\t\t\t\t<\/div>\n\t\t\t\t<div class=\"elementor-element elementor-element-2a769c8 elementor-widget elementor-widget-pxl_icon\" data-id=\"2a769c8\" data-element_type=\"widget\" data-e-type=\"widget\" data-widget_type=\"pxl_icon.default\">\n\t\t\t\t<div class=\"elementor-widget-container\">\n\t\t\t\t\t    <div class=\"pxl-icon-list pxl-icon1 style-box1\" data-wow-delay=\"ms\">\r\n                                    <a class=\"elementor-repeater-item-33c20f0\" href=\"https:\/\/www.facebook.com\/profile.php?id=61552678702845\">\r\n                    <i aria-hidden=\"true\" class=\"fab fa-facebook-f\"><\/i>                                    <\/a>\r\n                                                <a class=\"elementor-repeater-item-1b69f1f\" href=\"https:\/\/www.instagram.com\/reformabarberia\/\">\r\n                    <i aria-hidden=\"true\" class=\"fab fa-instagram\"><\/i>                                    <\/a>\r\n                                                <a class=\"elementor-repeater-item-4e7569e\" href=\"https:\/\/www.youtube.com\/@BarberiaReforma\">\r\n                    <i aria-hidden=\"true\" class=\"fab fa-youtube\"><\/i>                                    <\/a>\r\n                                                <a class=\"elementor-repeater-item-a0181f5\" href=\"https:\/\/wa.me\/525577402845?text=Hola%20me%20interesa%20agendar%20una%20cita.\">\r\n                    <i aria-hidden=\"true\" class=\"fab fa-whatsapp\"><\/i>                                    <\/a>\r\n                        <\/div>\r\n\t\t\t\t<\/div>\n\t\t\t\t<\/div>\n\t\t            <\/div>\r\n        <\/div>\r\n        \t\t\t<\/div>\n\t\t<\/section>\n\t\t\t\t<\/div>","protected":false},"excerpt":{"rendered":"<p>Av. paseo de la reforma 423 l10b. Plaza Diana Cazadora. N\u00famero de tel\u00e9fono +52 55 7740 2845 Correo electr\u00f3nico clientes@reformabarber.com.mx Env\u00edanos un mensaje Si tiene alguna pregunta, no dude en enviarnos un mensaje. Enviar mensaje s\u00edguenos<\/p>","protected":false},"author":2,"featured_media":0,"parent":0,"menu_order":0,"comment_status":"closed","ping_status":"closed","template":"","meta":{"_eb_attr":"","_joinchat":[],"footnotes":""},"class_list":["post-33","page","type-page","status-publish","hentry"],"yoast_head":"<!-- This site is optimized with the Yoast SEO plugin v27.6 - https:\/\/yoast.com\/product\/yoast-seo-wordpress\/ -->\n<title>contacto - Reforma Barber Shop<\/title>\n<meta name=\"robots\" content=\"index, follow, max-snippet:-1, max-image-preview:large, max-video-preview:-1\" \/>\n<link rel=\"canonical\" href=\"https:\/\/barberiamexico.com\/en\/contacto\/\" \/>\n<meta property=\"og:locale\" content=\"en_US\" \/>\n<meta property=\"og:type\" content=\"article\" \/>\n<meta property=\"og:title\" content=\"contacto - Reforma Barber Shop\" \/>\n<meta property=\"og:description\" content=\"Av. paseo de la reforma 423 l10b. Plaza Diana Cazadora. N\u00famero de tel\u00e9fono +52 55 7740 2845 Correo electr\u00f3nico clientes@reformabarber.com.mx Env\u00edanos un mensaje Si tiene alguna pregunta, no dude en enviarnos un mensaje. Enviar mensaje s\u00edguenos\" \/>\n<meta property=\"og:url\" content=\"https:\/\/barberiamexico.com\/en\/contacto\/\" \/>\n<meta property=\"og:site_name\" content=\"Reforma Barber Shop\" \/>\n<meta property=\"article:modified_time\" content=\"2026-02-06T10:05:37+00:00\" \/>\n<meta name=\"twitter:card\" content=\"summary_large_image\" \/>\n<meta name=\"twitter:label1\" content=\"Est. reading time\" \/>\n\t<meta name=\"twitter:data1\" content=\"1 minute\" \/>\n<script type=\"application\/ld+json\" class=\"yoast-schema-graph\">{\"@context\":\"https:\\\/\\\/schema.org\",\"@graph\":[{\"@type\":\"WebPage\",\"@id\":\"https:\\\/\\\/barberiamexico.com\\\/contacto\\\/\",\"url\":\"https:\\\/\\\/barberiamexico.com\\\/contacto\\\/\",\"name\":\"contacto - Reforma Barber Shop\",\"isPartOf\":{\"@id\":\"https:\\\/\\\/barberiamexico.com\\\/en\\\/#website\"},\"datePublished\":\"2023-09-05T13:47:03+00:00\",\"dateModified\":\"2026-02-06T10:05:37+00:00\",\"breadcrumb\":{\"@id\":\"https:\\\/\\\/barberiamexico.com\\\/contacto\\\/#breadcrumb\"},\"inLanguage\":\"en-US\",\"potentialAction\":[{\"@type\":\"ReadAction\",\"target\":[\"https:\\\/\\\/barberiamexico.com\\\/contacto\\\/\"]}]},{\"@type\":\"BreadcrumbList\",\"@id\":\"https:\\\/\\\/barberiamexico.com\\\/contacto\\\/#breadcrumb\",\"itemListElement\":[{\"@type\":\"ListItem\",\"position\":1,\"name\":\"Inicio\",\"item\":\"https:\\\/\\\/barberiamexico.com\\\/\"},{\"@type\":\"ListItem\",\"position\":2,\"name\":\"contacto\"}]},{\"@type\":\"WebSite\",\"@id\":\"https:\\\/\\\/barberiamexico.com\\\/en\\\/#website\",\"url\":\"https:\\\/\\\/barberiamexico.com\\\/en\\\/\",\"name\":\"Reforma Barber Shop\",\"description\":\"Peluquer\u00eda masculina en ciudad de Mexico\",\"publisher\":{\"@id\":\"https:\\\/\\\/barberiamexico.com\\\/en\\\/#organization\"},\"potentialAction\":[{\"@type\":\"SearchAction\",\"target\":{\"@type\":\"EntryPoint\",\"urlTemplate\":\"https:\\\/\\\/barberiamexico.com\\\/en\\\/?s={search_term_string}\"},\"query-input\":{\"@type\":\"PropertyValueSpecification\",\"valueRequired\":true,\"valueName\":\"search_term_string\"}}],\"inLanguage\":\"en-US\"},{\"@type\":\"Organization\",\"@id\":\"https:\\\/\\\/barberiamexico.com\\\/en\\\/#organization\",\"name\":\"Reforma Barber Shop\",\"url\":\"https:\\\/\\\/barberiamexico.com\\\/en\\\/\",\"logo\":{\"@type\":\"ImageObject\",\"inLanguage\":\"en-US\",\"@id\":\"https:\\\/\\\/barberiamexico.com\\\/en\\\/#\\\/schema\\\/logo\\\/image\\\/\",\"url\":\"https:\\\/\\\/barberiamexico.com\\\/wp-content\\\/uploads\\\/2024\\\/10\\\/logo-PNG.png\",\"contentUrl\":\"https:\\\/\\\/barberiamexico.com\\\/wp-content\\\/uploads\\\/2024\\\/10\\\/logo-PNG.png\",\"width\":3502,\"height\":3502,\"caption\":\"Reforma Barber Shop\"},\"image\":{\"@id\":\"https:\\\/\\\/barberiamexico.com\\\/en\\\/#\\\/schema\\\/logo\\\/image\\\/\"}}]}<\/script>\n<!-- \/ Yoast SEO plugin. -->","yoast_head_json":{"title":"contacto - Reforma Barber Shop","robots":{"index":"index","follow":"follow","max-snippet":"max-snippet:-1","max-image-preview":"max-image-preview:large","max-video-preview":"max-video-preview:-1"},"canonical":"https:\/\/barberiamexico.com\/en\/contacto\/","og_locale":"en_US","og_type":"article","og_title":"contacto - Reforma Barber Shop","og_description":"Av. paseo de la reforma 423 l10b. Plaza Diana Cazadora. N\u00famero de tel\u00e9fono +52 55 7740 2845 Correo electr\u00f3nico clientes@reformabarber.com.mx Env\u00edanos un mensaje Si tiene alguna pregunta, no dude en enviarnos un mensaje. Enviar mensaje s\u00edguenos","og_url":"https:\/\/barberiamexico.com\/en\/contacto\/","og_site_name":"Reforma Barber Shop","article_modified_time":"2026-02-06T10:05:37+00:00","twitter_card":"summary_large_image","twitter_misc":{"Est. reading time":"1 minute"},"schema":{"@context":"https:\/\/schema.org","@graph":[{"@type":"WebPage","@id":"https:\/\/barberiamexico.com\/contacto\/","url":"https:\/\/barberiamexico.com\/contacto\/","name":"contacto - Reforma Barber Shop","isPartOf":{"@id":"https:\/\/barberiamexico.com\/en\/#website"},"datePublished":"2023-09-05T13:47:03+00:00","dateModified":"2026-02-06T10:05:37+00:00","breadcrumb":{"@id":"https:\/\/barberiamexico.com\/contacto\/#breadcrumb"},"inLanguage":"en-US","potentialAction":[{"@type":"ReadAction","target":["https:\/\/barberiamexico.com\/contacto\/"]}]},{"@type":"BreadcrumbList","@id":"https:\/\/barberiamexico.com\/contacto\/#breadcrumb","itemListElement":[{"@type":"ListItem","position":1,"name":"Inicio","item":"https:\/\/barberiamexico.com\/"},{"@type":"ListItem","position":2,"name":"contacto"}]},{"@type":"WebSite","@id":"https:\/\/barberiamexico.com\/en\/#website","url":"https:\/\/barberiamexico.com\/en\/","name":"Reforma Barber Shop","description":"Peluquer\u00eda masculina en ciudad de Mexico","publisher":{"@id":"https:\/\/barberiamexico.com\/en\/#organization"},"potentialAction":[{"@type":"SearchAction","target":{"@type":"EntryPoint","urlTemplate":"https:\/\/barberiamexico.com\/en\/?s={search_term_string}"},"query-input":{"@type":"PropertyValueSpecification","valueRequired":true,"valueName":"search_term_string"}}],"inLanguage":"en-US"},{"@type":"Organization","@id":"https:\/\/barberiamexico.com\/en\/#organization","name":"Reforma Barber Shop","url":"https:\/\/barberiamexico.com\/en\/","logo":{"@type":"ImageObject","inLanguage":"en-US","@id":"https:\/\/barberiamexico.com\/en\/#\/schema\/logo\/image\/","url":"https:\/\/barberiamexico.com\/wp-content\/uploads\/2024\/10\/logo-PNG.png","contentUrl":"https:\/\/barberiamexico.com\/wp-content\/uploads\/2024\/10\/logo-PNG.png","width":3502,"height":3502,"caption":"Reforma Barber Shop"},"image":{"@id":"https:\/\/barberiamexico.com\/en\/#\/schema\/logo\/image\/"}}]}},"_links":{"self":[{"href":"https:\/\/barberiamexico.com\/en\/wp-json\/wp\/v2\/pages\/33","targetHints":{"allow":["GET"]}}],"collection":[{"href":"https:\/\/barberiamexico.com\/en\/wp-json\/wp\/v2\/pages"}],"about":[{"href":"https:\/\/barberiamexico.com\/en\/wp-json\/wp\/v2\/types\/page"}],"author":[{"embeddable":true,"href":"https:\/\/barberiamexico.com\/en\/wp-json\/wp\/v2\/users\/2"}],"replies":[{"embeddable":true,"href":"https:\/\/barberiamexico.com\/en\/wp-json\/wp\/v2\/comments?post=33"}],"version-history":[{"count":64,"href":"https:\/\/barberiamexico.com\/en\/wp-json\/wp\/v2\/pages\/33\/revisions"}],"predecessor-version":[{"id":3344,"href":"https:\/\/barberiamexico.com\/en\/wp-json\/wp\/v2\/pages\/33\/revisions\/3344"}],"wp:attachment":[{"href":"https:\/\/barberiamexico.com\/en\/wp-json\/wp\/v2\/media?parent=33"}],"curies":[{"name":"wp","href":"https:\/\/api.w.org\/{rel}","templated":true}]}}