{"id":3,"date":"2023-09-05T12:49:36","date_gmt":"2023-09-05T12:49:36","guid":{"rendered":"https:\/\/demo.bravisthemes.com\/blaxcut\/?page_id=3"},"modified":"2025-02-15T06:52:21","modified_gmt":"2025-02-15T12:52:21","slug":"privacidad","status":"publish","type":"page","link":"https:\/\/barberiamexico.com\/en\/privacidad\/","title":{"rendered":"Pol\u00edtica de Privacidad"},"content":{"rendered":"<h2 class=\"wp-block-heading\"><strong>Pol\u00edtica de Privacidad &#8211; Reforma Barber Shop<\/strong><\/h2>\n\n\n\n<h3 class=\"wp-block-heading\"><strong>Qui\u00e9nes Somos<\/strong><\/h3>\n\n\n\n<p>La direcci\u00f3n de nuestro sitio web es: <a href=\"https:\/\/barberiamexico.com\/en\/\">https:\/\/barberiamexico.com<\/a>. En Reforma Barber Shop, nos comprometemos a proteger la privacidad de nuestros clientes y visitantes.<\/p>\n\n\n\n<h3 class=\"wp-block-heading\"><strong>Comentarios<\/strong><\/h3>\n\n\n\n<p>Cuando los visitantes dejan comentarios en nuestro sitio, recopilamos los datos proporcionados en el formulario de comentarios, as\u00ed como la direcci\u00f3n IP y la informaci\u00f3n del navegador para ayudar en la detecci\u00f3n de spam.<\/p>\n\n\n\n<h3 class=\"wp-block-heading\"><strong>Agenda y Datos de los Clientes<\/strong><\/h3>\n\n\n\n<p>Los datos que recopilamos en la secci\u00f3n de agenda tienen el \u00fanico prop\u00f3sito de facilitar una comunicaci\u00f3n m\u00e1s clara con el cliente. No compartimos esta informaci\u00f3n con ning\u00fan servidor web o agencia de marketing. Sin embargo, el cliente puede enviarnos un correo solicitando la eliminaci\u00f3n de su informaci\u00f3n.<\/p>\n\n\n\n<h3 class=\"wp-block-heading\"><strong>Medios<\/strong><\/h3>\n\n\n\n<p>No permitimos que los usuarios suban im\u00e1genes a nuestro sitio web.<\/p>\n\n\n\n<h3 class=\"wp-block-heading\"><strong>Cookies<\/strong><\/h3>\n\n\n\n<ul class=\"wp-block-list\">\n<li>Si dejas un comentario en nuestro sitio, puedes optar por guardar tu nombre, correo electr\u00f3nico y web en cookies. Esto es para tu comodidad y evitar que tengas que volver a llenar tus datos en futuras interacciones. Estas cookies duran un a\u00f1o.<\/li>\n\n\n\n<li>Si visitas nuestra p\u00e1gina de inicio de sesi\u00f3n, se crear\u00e1 una cookie temporal para verificar si tu navegador las acepta. No contiene datos personales y se eliminar\u00e1 al cerrar el navegador.<\/li>\n\n\n\n<li>Cuando inicias sesi\u00f3n, se establecer\u00e1n cookies para guardar tu informaci\u00f3n de acceso y preferencias de pantalla. Las cookies de inicio de sesi\u00f3n duran dos d\u00edas, y las de configuraci\u00f3n de pantalla, un a\u00f1o. Si seleccionas &#8220;Recordarme&#8221;, tu acceso se mantendr\u00e1 por dos semanas. Si cierras sesi\u00f3n, las cookies de inicio de sesi\u00f3n ser\u00e1n eliminadas.<\/li>\n\n\n\n<li>Si editas o publicas un art\u00edculo, se guardar\u00e1 una cookie adicional en tu navegador, que no contiene datos personales y expira despu\u00e9s de un d\u00eda.<\/li>\n<\/ul>\n\n\n\n<h3 class=\"wp-block-heading\"><strong>Contenido Incrustado de Otros Sitios Web<\/strong><\/h3>\n\n\n\n<p>Los art\u00edculos en este sitio pueden incluir contenido incrustado (videos, im\u00e1genes, art\u00edculos, etc.). Este contenido se comporta de la misma manera que si hubieras visitado el sitio web de origen, lo que puede implicar recopilaci\u00f3n de datos, uso de cookies y seguimiento de interacci\u00f3n.<\/p>\n\n\n\n<h3 class=\"wp-block-heading\"><strong>Con Qui\u00e9n Compartimos Tus Datos<\/strong><\/h3>\n\n\n\n<p>Si solicitas un restablecimiento de contrase\u00f1a, tu direcci\u00f3n IP se incluir\u00e1 en el correo de restablecimiento.<\/p>\n\n\n\n<h3 class=\"wp-block-heading\"><strong>Tiempo de Retenci\u00f3n de Datos<\/strong><\/h3>\n\n\n\n<p>Si dejas un comentario, este y sus metadatos se conservar\u00e1n indefinidamente para reconocer y aprobar autom\u00e1ticamente comentarios sucesivos en lugar de mantenerlos en una cola de moderaci\u00f3n.<\/p>\n\n\n\n<p>Para usuarios registrados en nuestro sitio, almacenamos la informaci\u00f3n personal proporcionada en su perfil. Todos los usuarios pueden ver, editar o eliminar su informaci\u00f3n personal en cualquier momento (excepto su nombre de usuario). Los administradores del sitio tambi\u00e9n pueden ver y editar esa informaci\u00f3n.<\/p>\n\n\n\n<h3 class=\"wp-block-heading\"><strong>Tus Derechos Sobre Tus Datos<\/strong><\/h3>\n\n\n\n<p>Si tienes una cuenta o has dejado comentarios en este sitio, puedes solicitar un archivo con los datos personales que tenemos sobre ti, incluidos los que nos hayas proporcionado. Tambi\u00e9n puedes pedir que eliminemos cualquier dato personal que tengamos sobre ti, exceptuando aquellos que debamos conservar por razones administrativas, legales o de seguridad.<\/p>\n\n\n\n<h3 class=\"wp-block-heading\"><strong>D\u00f3nde Se Env\u00eda Tu Informaci\u00f3n<\/strong><\/h3>\n\n\n\n<p>Los comentarios de los visitantes pueden ser revisados mediante un servicio autom\u00e1tico de detecci\u00f3n de spam.<\/p>\n\n\n\n<p>Si tienes dudas sobre nuestra pol\u00edtica de privacidad, puedes contactarnos en clientes@reformabarber.com.mx<\/p>","protected":false},"excerpt":{"rendered":"<p>Pol\u00edtica de Privacidad &#8211; Reforma Barber Shop Qui\u00e9nes Somos La direcci\u00f3n de nuestro sitio web es: https:\/\/barberiamexico.com. En Reforma Barber Shop, nos comprometemos a proteger la privacidad de nuestros clientes y visitantes. Comentarios Cuando los visitantes dejan comentarios en nuestro sitio, recopilamos los datos proporcionados en el formulario de comentarios, as\u00ed como la direcci\u00f3n IP [&hellip;]<\/p>","protected":false},"author":2,"featured_media":0,"parent":0,"menu_order":0,"comment_status":"closed","ping_status":"closed","template":"","meta":{"_eb_attr":"","_joinchat":[],"footnotes":""},"class_list":["post-3","page","type-page","status-publish","hentry"],"yoast_head":"<!-- This site is optimized with the Yoast SEO plugin v27.6 - https:\/\/yoast.com\/product\/yoast-seo-wordpress\/ -->\n<title>Pol\u00edtica de Privacidad - Reforma Barber Shop<\/title>\n<meta name=\"robots\" content=\"index, follow, max-snippet:-1, max-image-preview:large, max-video-preview:-1\" \/>\n<link rel=\"canonical\" href=\"https:\/\/barberiamexico.com\/en\/privacidad\/\" \/>\n<meta property=\"og:locale\" content=\"en_US\" \/>\n<meta property=\"og:type\" content=\"article\" \/>\n<meta property=\"og:title\" content=\"Pol\u00edtica de Privacidad - Reforma Barber Shop\" \/>\n<meta property=\"og:description\" content=\"Pol\u00edtica de Privacidad &#8211; Reforma Barber Shop Qui\u00e9nes Somos La direcci\u00f3n de nuestro sitio web es: https:\/\/barberiamexico.com. En Reforma Barber Shop, nos comprometemos a proteger la privacidad de nuestros clientes y visitantes. Comentarios Cuando los visitantes dejan comentarios en nuestro sitio, recopilamos los datos proporcionados en el formulario de comentarios, as\u00ed como la direcci\u00f3n IP [&hellip;]\" \/>\n<meta property=\"og:url\" content=\"https:\/\/barberiamexico.com\/en\/privacidad\/\" \/>\n<meta property=\"og:site_name\" content=\"Reforma Barber Shop\" \/>\n<meta property=\"article:modified_time\" content=\"2025-02-15T12:52:21+00:00\" \/>\n<meta name=\"twitter:card\" content=\"summary_large_image\" \/>\n<meta name=\"twitter:label1\" content=\"Est. reading time\" \/>\n\t<meta name=\"twitter:data1\" content=\"3 minutes\" \/>\n<script type=\"application\/ld+json\" class=\"yoast-schema-graph\">{\"@context\":\"https:\\\/\\\/schema.org\",\"@graph\":[{\"@type\":\"WebPage\",\"@id\":\"https:\\\/\\\/barberiamexico.com\\\/privacidad\\\/\",\"url\":\"https:\\\/\\\/barberiamexico.com\\\/privacidad\\\/\",\"name\":\"Pol\u00edtica de Privacidad - Reforma Barber Shop\",\"isPartOf\":{\"@id\":\"https:\\\/\\\/barberiamexico.com\\\/en\\\/#website\"},\"datePublished\":\"2023-09-05T12:49:36+00:00\",\"dateModified\":\"2025-02-15T12:52:21+00:00\",\"breadcrumb\":{\"@id\":\"https:\\\/\\\/barberiamexico.com\\\/privacidad\\\/#breadcrumb\"},\"inLanguage\":\"en-US\",\"potentialAction\":[{\"@type\":\"ReadAction\",\"target\":[\"https:\\\/\\\/barberiamexico.com\\\/privacidad\\\/\"]}]},{\"@type\":\"BreadcrumbList\",\"@id\":\"https:\\\/\\\/barberiamexico.com\\\/privacidad\\\/#breadcrumb\",\"itemListElement\":[{\"@type\":\"ListItem\",\"position\":1,\"name\":\"Inicio\",\"item\":\"https:\\\/\\\/barberiamexico.com\\\/\"},{\"@type\":\"ListItem\",\"position\":2,\"name\":\"Pol\u00edtica de Privacidad\"}]},{\"@type\":\"WebSite\",\"@id\":\"https:\\\/\\\/barberiamexico.com\\\/en\\\/#website\",\"url\":\"https:\\\/\\\/barberiamexico.com\\\/en\\\/\",\"name\":\"Reforma Barber Shop\",\"description\":\"Peluquer\u00eda masculina en ciudad de Mexico\",\"publisher\":{\"@id\":\"https:\\\/\\\/barberiamexico.com\\\/en\\\/#organization\"},\"potentialAction\":[{\"@type\":\"SearchAction\",\"target\":{\"@type\":\"EntryPoint\",\"urlTemplate\":\"https:\\\/\\\/barberiamexico.com\\\/en\\\/?s={search_term_string}\"},\"query-input\":{\"@type\":\"PropertyValueSpecification\",\"valueRequired\":true,\"valueName\":\"search_term_string\"}}],\"inLanguage\":\"en-US\"},{\"@type\":\"Organization\",\"@id\":\"https:\\\/\\\/barberiamexico.com\\\/en\\\/#organization\",\"name\":\"Reforma Barber Shop\",\"url\":\"https:\\\/\\\/barberiamexico.com\\\/en\\\/\",\"logo\":{\"@type\":\"ImageObject\",\"inLanguage\":\"en-US\",\"@id\":\"https:\\\/\\\/barberiamexico.com\\\/en\\\/#\\\/schema\\\/logo\\\/image\\\/\",\"url\":\"https:\\\/\\\/barberiamexico.com\\\/wp-content\\\/uploads\\\/2024\\\/10\\\/logo-PNG.png\",\"contentUrl\":\"https:\\\/\\\/barberiamexico.com\\\/wp-content\\\/uploads\\\/2024\\\/10\\\/logo-PNG.png\",\"width\":3502,\"height\":3502,\"caption\":\"Reforma Barber Shop\"},\"image\":{\"@id\":\"https:\\\/\\\/barberiamexico.com\\\/en\\\/#\\\/schema\\\/logo\\\/image\\\/\"}}]}<\/script>\n<!-- \/ Yoast SEO plugin. -->","yoast_head_json":{"title":"Pol\u00edtica de Privacidad - Reforma Barber Shop","robots":{"index":"index","follow":"follow","max-snippet":"max-snippet:-1","max-image-preview":"max-image-preview:large","max-video-preview":"max-video-preview:-1"},"canonical":"https:\/\/barberiamexico.com\/en\/privacidad\/","og_locale":"en_US","og_type":"article","og_title":"Pol\u00edtica de Privacidad - Reforma Barber Shop","og_description":"Pol\u00edtica de Privacidad &#8211; Reforma Barber Shop Qui\u00e9nes Somos La direcci\u00f3n de nuestro sitio web es: https:\/\/barberiamexico.com. En Reforma Barber Shop, nos comprometemos a proteger la privacidad de nuestros clientes y visitantes. Comentarios Cuando los visitantes dejan comentarios en nuestro sitio, recopilamos los datos proporcionados en el formulario de comentarios, as\u00ed como la direcci\u00f3n IP [&hellip;]","og_url":"https:\/\/barberiamexico.com\/en\/privacidad\/","og_site_name":"Reforma Barber Shop","article_modified_time":"2025-02-15T12:52:21+00:00","twitter_card":"summary_large_image","twitter_misc":{"Est. reading time":"3 minutes"},"schema":{"@context":"https:\/\/schema.org","@graph":[{"@type":"WebPage","@id":"https:\/\/barberiamexico.com\/privacidad\/","url":"https:\/\/barberiamexico.com\/privacidad\/","name":"Pol\u00edtica de Privacidad - Reforma Barber Shop","isPartOf":{"@id":"https:\/\/barberiamexico.com\/en\/#website"},"datePublished":"2023-09-05T12:49:36+00:00","dateModified":"2025-02-15T12:52:21+00:00","breadcrumb":{"@id":"https:\/\/barberiamexico.com\/privacidad\/#breadcrumb"},"inLanguage":"en-US","potentialAction":[{"@type":"ReadAction","target":["https:\/\/barberiamexico.com\/privacidad\/"]}]},{"@type":"BreadcrumbList","@id":"https:\/\/barberiamexico.com\/privacidad\/#breadcrumb","itemListElement":[{"@type":"ListItem","position":1,"name":"Inicio","item":"https:\/\/barberiamexico.com\/"},{"@type":"ListItem","position":2,"name":"Pol\u00edtica de Privacidad"}]},{"@type":"WebSite","@id":"https:\/\/barberiamexico.com\/en\/#website","url":"https:\/\/barberiamexico.com\/en\/","name":"Reforma Barber Shop","description":"Peluquer\u00eda masculina en ciudad de Mexico","publisher":{"@id":"https:\/\/barberiamexico.com\/en\/#organization"},"potentialAction":[{"@type":"SearchAction","target":{"@type":"EntryPoint","urlTemplate":"https:\/\/barberiamexico.com\/en\/?s={search_term_string}"},"query-input":{"@type":"PropertyValueSpecification","valueRequired":true,"valueName":"search_term_string"}}],"inLanguage":"en-US"},{"@type":"Organization","@id":"https:\/\/barberiamexico.com\/en\/#organization","name":"Reforma Barber Shop","url":"https:\/\/barberiamexico.com\/en\/","logo":{"@type":"ImageObject","inLanguage":"en-US","@id":"https:\/\/barberiamexico.com\/en\/#\/schema\/logo\/image\/","url":"https:\/\/barberiamexico.com\/wp-content\/uploads\/2024\/10\/logo-PNG.png","contentUrl":"https:\/\/barberiamexico.com\/wp-content\/uploads\/2024\/10\/logo-PNG.png","width":3502,"height":3502,"caption":"Reforma Barber Shop"},"image":{"@id":"https:\/\/barberiamexico.com\/en\/#\/schema\/logo\/image\/"}}]}},"_links":{"self":[{"href":"https:\/\/barberiamexico.com\/en\/wp-json\/wp\/v2\/pages\/3","targetHints":{"allow":["GET"]}}],"collection":[{"href":"https:\/\/barberiamexico.com\/en\/wp-json\/wp\/v2\/pages"}],"about":[{"href":"https:\/\/barberiamexico.com\/en\/wp-json\/wp\/v2\/types\/page"}],"author":[{"embeddable":true,"href":"https:\/\/barberiamexico.com\/en\/wp-json\/wp\/v2\/users\/2"}],"replies":[{"embeddable":true,"href":"https:\/\/barberiamexico.com\/en\/wp-json\/wp\/v2\/comments?post=3"}],"version-history":[{"count":5,"href":"https:\/\/barberiamexico.com\/en\/wp-json\/wp\/v2\/pages\/3\/revisions"}],"predecessor-version":[{"id":2604,"href":"https:\/\/barberiamexico.com\/en\/wp-json\/wp\/v2\/pages\/3\/revisions\/2604"}],"wp:attachment":[{"href":"https:\/\/barberiamexico.com\/en\/wp-json\/wp\/v2\/media?parent=3"}],"curies":[{"name":"wp","href":"https:\/\/api.w.org\/{rel}","templated":true}]}}